{"id":12011,"date":"2022-07-07T18:26:36","date_gmt":"2022-07-07T18:26:36","guid":{"rendered":"http:\/\/swedomarineservice.nl\/index.php\/kontakt\/"},"modified":"2022-11-06T14:16:31","modified_gmt":"2022-11-06T14:16:31","slug":"kontakt","status":"publish","type":"page","link":"https:\/\/swedomarineservice.nl\/de\/index.php\/kontakt\/","title":{"rendered":"Kontakt"},"content":{"rendered":"\t\t<div data-elementor-type=\"wp-page\" data-elementor-id=\"12011\" class=\"elementor elementor-12011 elementor-10616\">\n\t\t\t\t\t\t<section class=\"elementor-section elementor-top-section elementor-element elementor-element-14020e8 elementor-section-full_width elementor-section-height-min-height elementor-section-items-top elementor-hidden-desktop elementor-hidden-laptop elementor-hidden-tablet elementor-section-height-default\" data-id=\"14020e8\" data-element_type=\"section\" data-settings=\"{&quot;background_background&quot;:&quot;classic&quot;}\">\n\t\t\t\t\t\t\t<div class=\"elementor-background-overlay\"><\/div>\n\t\t\t\t\t\t\t<div class=\"elementor-container elementor-column-gap-default\">\n\t\t\t\t\t<div class=\"elementor-column elementor-col-50 elementor-top-column elementor-element elementor-element-4c49a44\" data-id=\"4c49a44\" data-element_type=\"column\">\n\t\t\t<div class=\"elementor-widget-wrap elementor-element-populated\">\n\t\t\t\t\t\t<section class=\"elementor-section elementor-inner-section elementor-element elementor-element-6d2b609 elementor-hidden-desktop elementor-hidden-laptop elementor-hidden-tablet elementor-section-boxed elementor-section-height-default elementor-section-height-default\" data-id=\"6d2b609\" data-element_type=\"section\">\n\t\t\t\t\t\t<div class=\"elementor-container elementor-column-gap-default\">\n\t\t\t\t\t<div class=\"elementor-column elementor-col-100 elementor-inner-column elementor-element elementor-element-31da2ef\" data-id=\"31da2ef\" data-element_type=\"column\">\n\t\t\t<div class=\"elementor-widget-wrap elementor-element-populated\">\n\t\t\t\t\t\t<div class=\"elementor-element elementor-element-f19a648 animated-fast elementor-invisible elementor-widget elementor-widget-hub_fancy_heading\" data-id=\"f19a648\" data-element_type=\"widget\" data-settings=\"{&quot;_animation&quot;:&quot;fadeInUp&quot;,&quot;_animation_delay&quot;:300}\" data-widget_type=\"hub_fancy_heading.default\">\n\t\t\t\t<div class=\"elementor-widget-container\">\n\t\t\t\t\t\n\t\t<div id=\"ld-fancy-heading-69f480be2c6b9\" class=\"ld-fancy-heading pos-rel\">\n\t\t\t<h1 class=\"ld-fh-element d-inline-block pos-rel  elementor-heading-title lqd-highlight-custom lqd-highlight-custom-2 h1\"  > Nehmen Sie unverbindlich\nKontakt mit uns auf!\n<\/h1>\t\t<\/div>\n\n\t\t\t\t\t\t<\/div>\n\t\t\t\t<\/div>\n\t\t\t\t\t<\/div>\n\t\t<\/div>\n\t\t\t\t\t<\/div>\n\t\t<\/section>\n\t\t\t\t<section class=\"elementor-section elementor-inner-section elementor-element elementor-element-3e6ca07 elementor-section-full_width elementor-section-height-min-height elementor-section-height-default\" data-id=\"3e6ca07\" data-element_type=\"section\" data-settings=\"{&quot;background_background&quot;:&quot;classic&quot;}\">\n\t\t\t\t\t\t<div class=\"elementor-container elementor-column-gap-default\">\n\t\t\t\t\t<div class=\"elementor-column elementor-col-100 elementor-inner-column elementor-element elementor-element-883f2fa\" data-id=\"883f2fa\" data-element_type=\"column\">\n\t\t\t<div class=\"elementor-widget-wrap\">\n\t\t\t\t\t\t\t<\/div>\n\t\t<\/div>\n\t\t\t\t\t<\/div>\n\t\t<\/section>\n\t\t\t\t\t<\/div>\n\t\t<\/div>\n\t\t\t\t<div class=\"elementor-column elementor-col-50 elementor-top-column elementor-element elementor-element-fcbf4b2\" data-id=\"fcbf4b2\" data-element_type=\"column\" data-settings=\"{&quot;animation&quot;:&quot;none&quot;}\">\n\t\t\t<div class=\"elementor-widget-wrap elementor-element-populated\">\n\t\t\t\t\t\t<div class=\"elementor-element elementor-element-a757aaf animated-fast elementor-hidden-mobile elementor-invisible elementor-widget elementor-widget-hub_fancy_heading\" data-id=\"a757aaf\" data-element_type=\"widget\" data-settings=\"{&quot;_animation&quot;:&quot;fadeInUp&quot;,&quot;_animation_delay&quot;:300}\" data-widget_type=\"hub_fancy_heading.default\">\n\t\t\t\t<div class=\"elementor-widget-container\">\n\t\t\t\t\t\n\t\t<div id=\"ld-fancy-heading-69f480be2cc4e\" class=\"ld-fancy-heading pos-rel\">\n\t\t\t<h1 class=\"ld-fh-element d-inline-block pos-rel  elementor-heading-title lqd-highlight-custom lqd-highlight-custom-2 h1\"  > Nehmen Sie unverbindlich<br>\nKontakt mit uns auf!\n<\/h1>\t\t<\/div>\n\n\t\t\t\t\t\t<\/div>\n\t\t\t\t<\/div>\n\t\t\t\t<div class=\"elementor-element elementor-element-2250f3b elementor-widget__width-initial elementor-invisible elementor-widget elementor-widget-text-editor\" data-id=\"2250f3b\" data-element_type=\"widget\" data-settings=\"{&quot;_animation&quot;:&quot;fadeInUp&quot;,&quot;_animation_delay&quot;:600}\" data-widget_type=\"text-editor.default\">\n\t\t\t\t<div class=\"elementor-widget-container\">\n\t\t\t\t\t\t\t\t\t<p>Wir helfen Ihnen gerne beim Unterhalt Ihres Bootes an der von Ihnen gew\u00fcnschten Lokalit\u00e4t. Sie erhalten ein f\u00fcr Sie angepasstes Angebot um einen optimalen Arbeitsablauf und Erfolg zu erzielen.<\/p>\n\t\t\t\t\t\t\t\t<\/div>\n\t\t\t\t<\/div>\n\t\t\t\t<section class=\"elementor-section elementor-inner-section elementor-element elementor-element-d825147 elementor-section-boxed elementor-section-height-default elementor-section-height-default elementor-invisible\" data-id=\"d825147\" data-element_type=\"section\" data-settings=\"{&quot;animation&quot;:&quot;fadeInUp&quot;,&quot;animation_delay&quot;:1200}\">\n\t\t\t\t\t\t<div class=\"elementor-container elementor-column-gap-default\">\n\t\t\t\t\t<div class=\"elementor-column elementor-col-33 elementor-inner-column elementor-element elementor-element-cd933f4\" data-id=\"cd933f4\" data-element_type=\"column\">\n\t\t\t<div class=\"elementor-widget-wrap elementor-element-populated\">\n\t\t\t\t\t\t<div class=\"elementor-element elementor-element-3a8d985 elementor-view-default elementor-widget elementor-widget-icon\" data-id=\"3a8d985\" data-element_type=\"widget\" data-widget_type=\"icon.default\">\n\t\t\t\t<div class=\"elementor-widget-container\">\n\t\t\t\t\t\t\t<div class=\"elementor-icon-wrapper\">\n\t\t\t<div class=\"elementor-icon\">\n\t\t\t<svg xmlns=\"http:\/\/www.w3.org\/2000\/svg\" id=\"Laag_1\" data-name=\"Laag 1\" viewBox=\"0 0 125 125\"><defs><style>.cls-1{fill:#fff;}.cls-2{fill:#14546b;}<\/style><\/defs><circle class=\"cls-1\" cx=\"62.5\" cy=\"62.5\" r=\"62.5\"><\/circle><path class=\"cls-2\" d=\"M63.93,25.68c1.58.28,3.17.47,4.72.84a23.38,23.38,0,0,1,11.16,6.35,23.92,23.92,0,0,1,6.75,12.67,24.17,24.17,0,0,1-2.65,16.67Q74,80.12,64.11,98a3.94,3.94,0,0,1-.61.88,1.52,1.52,0,0,1-2.45-.57C59.5,95.56,58,92.77,56.43,90q-7.57-13.7-15.16-27.39A24.65,24.65,0,0,1,38,50.53a24.14,24.14,0,0,1,7.58-18,23.84,23.84,0,0,1,11.62-6.23c1.27-.29,2.59-.41,3.89-.61ZM50.24,50.23A12.26,12.26,0,1,0,62.47,38,12.27,12.27,0,0,0,50.24,50.23Z\"><\/path><\/svg>\t\t\t<\/div>\n\t\t<\/div>\n\t\t\t\t\t\t<\/div>\n\t\t\t\t<\/div>\n\t\t\t\t<div class=\"elementor-element elementor-element-1248144 elementor-widget elementor-widget-heading\" data-id=\"1248144\" data-element_type=\"widget\" data-settings=\"{&quot;_animation&quot;:&quot;none&quot;,&quot;_animation_delay&quot;:1200}\" data-widget_type=\"heading.default\">\n\t\t\t\t<div class=\"elementor-widget-container\">\n\t\t\t\t\t<h2 class=\"elementor-heading-title elementor-size-default\"><a href=\"https:\/\/goo.gl\/maps\/wNWNfzSGYsmi6FxBA\" target=\"_blank\">Region Limburg\n<\/a><\/h2>\t\t\t\t<\/div>\n\t\t\t\t<\/div>\n\t\t\t\t\t<\/div>\n\t\t<\/div>\n\t\t\t\t<div class=\"elementor-column elementor-col-33 elementor-inner-column elementor-element elementor-element-c8d523a\" data-id=\"c8d523a\" data-element_type=\"column\">\n\t\t\t<div class=\"elementor-widget-wrap elementor-element-populated\">\n\t\t\t\t\t\t<div class=\"elementor-element elementor-element-9e5993a elementor-view-default elementor-widget elementor-widget-icon\" data-id=\"9e5993a\" data-element_type=\"widget\" data-widget_type=\"icon.default\">\n\t\t\t\t<div class=\"elementor-widget-container\">\n\t\t\t\t\t\t\t<div class=\"elementor-icon-wrapper\">\n\t\t\t<div class=\"elementor-icon\">\n\t\t\t<svg xmlns=\"http:\/\/www.w3.org\/2000\/svg\" id=\"Laag_1\" data-name=\"Laag 1\" viewBox=\"0 0 125 125\"><defs><style>.cls-1{fill:#fff;}.cls-2{fill:#14546b;}<\/style><\/defs><circle class=\"cls-1\" cx=\"62.5\" cy=\"62.5\" r=\"62.5\"><\/circle><path class=\"cls-2\" d=\"M73.71,99.14c-1.21-.44-2.43-.85-3.62-1.33a40,40,0,0,1-8.77-5.25A75.7,75.7,0,0,1,37.19,61.62a58.87,58.87,0,0,1-4.64-16.8,20.26,20.26,0,0,1,.94-10A8.17,8.17,0,0,1,36.41,31c2.33-1.62,4.66-3.23,7-4.78,3-1.93,5.8-1.41,7.84,1.5,2.38,3.4,4.7,6.85,7,10.29a5.51,5.51,0,0,1,.93,5.06,6.41,6.41,0,0,1-2.66,3.11l-5.82,4c-1,.68-1.06.9-.79,2.07a42.13,42.13,0,0,0,5.69,12.39,51.51,51.51,0,0,0,8.56,10.56c1.14,1.06,2.41,2,3.63,3a1.2,1.2,0,0,0,1.6-.07c2-1.37,4-2.75,6-4.09a9.46,9.46,0,0,1,1.93-1,4.92,4.92,0,0,1,5.72,1.55,12.89,12.89,0,0,1,.85,1.1c2.21,3.22,4.44,6.44,6.6,9.69a8.77,8.77,0,0,1,1.23,2.63,4.56,4.56,0,0,1-1.76,5c-2.57,1.94-5.24,3.75-7.93,5.52a8.45,8.45,0,0,1-5,1.24c-.22,0-.44,0-.65,0Z\"><\/path><\/svg>\t\t\t<\/div>\n\t\t<\/div>\n\t\t\t\t\t\t<\/div>\n\t\t\t\t<\/div>\n\t\t\t\t<div class=\"elementor-element elementor-element-c1f6339 elementor-widget elementor-widget-heading\" data-id=\"c1f6339\" data-element_type=\"widget\" data-settings=\"{&quot;_animation&quot;:&quot;none&quot;,&quot;_animation_delay&quot;:1200}\" data-widget_type=\"heading.default\">\n\t\t\t\t<div class=\"elementor-widget-container\">\n\t\t\t\t\t<h2 class=\"elementor-heading-title elementor-size-default\"><a href=\"\" target=\"_blank\">+31 6 420 795 18\n<\/a><\/h2>\t\t\t\t<\/div>\n\t\t\t\t<\/div>\n\t\t\t\t\t<\/div>\n\t\t<\/div>\n\t\t\t\t<div class=\"elementor-column elementor-col-33 elementor-inner-column elementor-element elementor-element-bc5837d\" data-id=\"bc5837d\" data-element_type=\"column\">\n\t\t\t<div class=\"elementor-widget-wrap elementor-element-populated\">\n\t\t\t\t\t\t<div class=\"elementor-element elementor-element-a6a0def elementor-view-default elementor-widget elementor-widget-icon\" data-id=\"a6a0def\" data-element_type=\"widget\" data-widget_type=\"icon.default\">\n\t\t\t\t<div class=\"elementor-widget-container\">\n\t\t\t\t\t\t\t<div class=\"elementor-icon-wrapper\">\n\t\t\t<div class=\"elementor-icon\">\n\t\t\t<svg xmlns=\"http:\/\/www.w3.org\/2000\/svg\" id=\"Laag_1\" data-name=\"Laag 1\" viewBox=\"0 0 125 125\"><defs><style>.cls-1{fill:#fff;}.cls-2{fill:#14546b;}<\/style><\/defs><circle class=\"cls-1\" cx=\"62.5\" cy=\"62.5\" r=\"62.5\"><\/circle><path class=\"cls-2\" d=\"M100.49,79a4,4,0,0,1-.59-.27L75.46,63.26c-.17-.1-.33-.22-.58-.39L100.49,46Z\"><\/path><path class=\"cls-2\" d=\"M62.54,36.37h32.8a4.75,4.75,0,0,1,4.78,3.16.93.93,0,0,1-.42,1.32q-18.28,12-36.53,24.07a1,1,0,0,1-1.36,0Q43.54,52.85,25.22,40.83a.87.87,0,0,1-.42-1.2,4.74,4.74,0,0,1,4.12-3.24c.32,0,.65,0,1,0Z\"><\/path><path class=\"cls-2\" d=\"M62.46,88.63H29.57a4.74,4.74,0,0,1-4.75-3.21.85.85,0,0,1,.4-1.2q14.34-9,28.65-18.12a.91.91,0,0,1,1.17,0c1.86,1.26,3.77,2.45,5.62,3.73a2.85,2.85,0,0,0,3.61,0c1.9-1.3,3.84-2.53,5.75-3.81a.77.77,0,0,1,1,0q14.4,9.14,28.83,18.24a.72.72,0,0,1,.36,1,4.72,4.72,0,0,1-4.11,3.36c-.34,0-.69,0-1,0Z\"><\/path><path class=\"cls-2\" d=\"M24.51,46,50.1,62.89,24.51,79.06Z\"><\/path><\/svg>\t\t\t<\/div>\n\t\t<\/div>\n\t\t\t\t\t\t<\/div>\n\t\t\t\t<\/div>\n\t\t\t\t<div class=\"elementor-element elementor-element-17f28d4 elementor-widget elementor-widget-heading\" data-id=\"17f28d4\" data-element_type=\"widget\" data-settings=\"{&quot;_animation&quot;:&quot;none&quot;,&quot;_animation_delay&quot;:1200}\" data-widget_type=\"heading.default\">\n\t\t\t\t<div class=\"elementor-widget-container\">\n\t\t\t\t\t<h2 class=\"elementor-heading-title elementor-size-default\"><a href=\"mailto:Info@swedomarineservice.nl\" target=\"_blank\">Info@swedomarineservice.nl<\/a><\/h2>\t\t\t\t<\/div>\n\t\t\t\t<\/div>\n\t\t\t\t\t<\/div>\n\t\t<\/div>\n\t\t\t\t\t<\/div>\n\t\t<\/section>\n\t\t\t\t\t<\/div>\n\t\t<\/div>\n\t\t\t\t\t<\/div>\n\t\t<\/section>\n\t\t\t\t<section class=\"elementor-section elementor-top-section elementor-element elementor-element-daaa871 elementor-section-full_width elementor-section-height-min-height elementor-section-items-top elementor-hidden-mobile elementor-section-height-default\" data-id=\"daaa871\" data-element_type=\"section\" data-settings=\"{&quot;background_background&quot;:&quot;classic&quot;}\">\n\t\t\t\t\t\t<div class=\"elementor-container elementor-column-gap-default\">\n\t\t\t\t\t<div class=\"elementor-column elementor-col-50 elementor-top-column elementor-element elementor-element-0ba884b\" data-id=\"0ba884b\" data-element_type=\"column\" data-settings=\"{&quot;animation&quot;:&quot;none&quot;}\">\n\t\t\t<div class=\"elementor-widget-wrap elementor-element-populated\">\n\t\t\t\t\t\t<div class=\"elementor-element elementor-element-cf0e38a elementor-widget__width-initial elementor-invisible elementor-widget elementor-widget-hub_fancy_heading\" data-id=\"cf0e38a\" data-element_type=\"widget\" data-settings=\"{&quot;_animation&quot;:&quot;fadeInUp&quot;,&quot;_animation_delay&quot;:400}\" data-widget_type=\"hub_fancy_heading.default\">\n\t\t\t\t<div class=\"elementor-widget-container\">\n\t\t\t\t\t\n\t\t<div id=\"ld-fancy-heading-69f480be2d6c4\" class=\"ld-fancy-heading pos-rel\">\n\t\t\t<h1 class=\"ld-fh-element d-inline-block pos-rel  elementor-heading-title lqd-highlight-custom lqd-highlight-custom-2 h1\"  > Nehmen Sie unverbindlich<br>\nKontakt mit uns auf!\n\n<\/h1>\t\t<\/div>\n\n\t\t\t\t\t\t<\/div>\n\t\t\t\t<\/div>\n\t\t\t\t<div class=\"elementor-element elementor-element-e012b20 elementor-widget__width-initial elementor-invisible elementor-widget elementor-widget-text-editor\" data-id=\"e012b20\" data-element_type=\"widget\" data-settings=\"{&quot;_animation&quot;:&quot;fadeInUp&quot;,&quot;_animation_delay&quot;:600}\" data-widget_type=\"text-editor.default\">\n\t\t\t\t<div class=\"elementor-widget-container\">\n\t\t\t\t\t\t\t\t\t<p>Wir helfen Ihnen gerne beim Unterhalt Ihres Bootes<br \/>an der von Ihnen gew\u00fcnschten Lokalit\u00e4t. Sie erhalten ein f\u00fcr Sie angepasstes Angebot<br \/>um einen optimalen Arbeitsablauf und Erfolg zu erzielen.<\/p>\n\t\t\t\t\t\t\t\t<\/div>\n\t\t\t\t<\/div>\n\t\t\t\t<div class=\"elementor-element elementor-element-1c714e7 elementor-position-left elementor-vertical-align-middle elementor-widget__width-initial elementor-invisible elementor-widget elementor-widget-image-box\" data-id=\"1c714e7\" data-element_type=\"widget\" data-settings=\"{&quot;_animation&quot;:&quot;fadeInUp&quot;,&quot;_animation_delay&quot;:700}\" data-widget_type=\"image-box.default\">\n\t\t\t\t<div class=\"elementor-widget-container\">\n\t\t\t\t\t<div class=\"elementor-image-box-wrapper\"><figure class=\"elementor-image-box-img\"><a href=\"https:\/\/goo.gl\/maps\/wNWNfzSGYsmi6FxBA\" target=\"_blank\" tabindex=\"-1\"><img decoding=\"async\" width=\"125\" height=\"125\" src=\"https:\/\/swedomarineservice.nl\/wp-content\/uploads\/2022\/07\/icon-locatie-1.svg\" class=\"elementor-animation-grow attachment-full size-full wp-image-10794\" alt=\"\" \/><\/a><\/figure><div class=\"elementor-image-box-content\"><h3 class=\"elementor-image-box-title\"><a href=\"https:\/\/goo.gl\/maps\/wNWNfzSGYsmi6FxBA\" target=\"_blank\">Region Limburg<\/a><\/h3><\/div><\/div>\t\t\t\t<\/div>\n\t\t\t\t<\/div>\n\t\t\t\t<div class=\"elementor-element elementor-element-31cc4c7 elementor-position-left elementor-vertical-align-middle elementor-widget__width-initial elementor-invisible elementor-widget elementor-widget-image-box\" data-id=\"31cc4c7\" data-element_type=\"widget\" data-settings=\"{&quot;_animation&quot;:&quot;fadeInUp&quot;,&quot;_animation_delay&quot;:800}\" data-widget_type=\"image-box.default\">\n\t\t\t\t<div class=\"elementor-widget-container\">\n\t\t\t\t\t<div class=\"elementor-image-box-wrapper\"><figure class=\"elementor-image-box-img\"><a href=\"\" target=\"_blank\" tabindex=\"-1\"><img decoding=\"async\" width=\"125\" height=\"125\" src=\"https:\/\/swedomarineservice.nl\/wp-content\/uploads\/2022\/07\/icon-telefoon-1.svg\" class=\"elementor-animation-grow attachment-full size-full wp-image-10789\" alt=\"\" \/><\/a><\/figure><div class=\"elementor-image-box-content\"><h3 class=\"elementor-image-box-title\"><a href=\"\" target=\"_blank\">+31 6 420 795 18<\/a><\/h3><\/div><\/div>\t\t\t\t<\/div>\n\t\t\t\t<\/div>\n\t\t\t\t<div class=\"elementor-element elementor-element-fca1ab7 elementor-position-left elementor-vertical-align-middle elementor-widget__width-initial elementor-invisible elementor-widget elementor-widget-image-box\" data-id=\"fca1ab7\" data-element_type=\"widget\" data-settings=\"{&quot;_animation&quot;:&quot;fadeInUp&quot;,&quot;_animation_delay&quot;:900}\" data-widget_type=\"image-box.default\">\n\t\t\t\t<div class=\"elementor-widget-container\">\n\t\t\t\t\t<div class=\"elementor-image-box-wrapper\"><figure class=\"elementor-image-box-img\"><a href=\"mailto:Info@swedomarineservice.nl\" target=\"_blank\" tabindex=\"-1\"><img decoding=\"async\" width=\"125\" height=\"125\" src=\"https:\/\/swedomarineservice.nl\/wp-content\/uploads\/2022\/07\/icon-mail.svg\" class=\"elementor-animation-grow attachment-full size-full wp-image-10782\" alt=\"\" \/><\/a><\/figure><div class=\"elementor-image-box-content\"><h3 class=\"elementor-image-box-title\"><a href=\"mailto:Info@swedomarineservice.nl\" target=\"_blank\">Info@swedomarineservice.nl<\/a><\/h3><\/div><\/div>\t\t\t\t<\/div>\n\t\t\t\t<\/div>\n\t\t\t\t\t<\/div>\n\t\t<\/div>\n\t\t\t\t<div class=\"elementor-column elementor-col-50 elementor-top-column elementor-element elementor-element-6bf143d\" data-id=\"6bf143d\" data-element_type=\"column\">\n\t\t\t<div class=\"elementor-widget-wrap elementor-element-populated\">\n\t\t\t\t\t\t<section class=\"elementor-section elementor-inner-section elementor-element elementor-element-0995a6d elementor-section-full_width elementor-section-height-min-height elementor-section-height-default\" data-id=\"0995a6d\" data-element_type=\"section\" data-settings=\"{&quot;background_background&quot;:&quot;classic&quot;}\">\n\t\t\t\t\t\t<div class=\"elementor-container elementor-column-gap-default\">\n\t\t\t\t\t<div class=\"elementor-column elementor-col-100 elementor-inner-column elementor-element elementor-element-80d5fef\" data-id=\"80d5fef\" data-element_type=\"column\">\n\t\t\t<div class=\"elementor-widget-wrap\">\n\t\t\t\t\t\t\t<\/div>\n\t\t<\/div>\n\t\t\t\t\t<\/div>\n\t\t<\/section>\n\t\t\t\t\t<\/div>\n\t\t<\/div>\n\t\t\t\t\t<\/div>\n\t\t<\/section>\n\t\t\t\t<section class=\"elementor-section elementor-top-section elementor-element elementor-element-bc0b774 elementor-section-boxed elementor-section-height-default elementor-section-height-default\" data-id=\"bc0b774\" data-element_type=\"section\" data-settings=\"{&quot;background_background&quot;:&quot;classic&quot;}\">\n\t\t\t\t\t\t<div class=\"elementor-container elementor-column-gap-default\">\n\t\t\t\t\t<div class=\"elementor-column elementor-col-100 elementor-top-column elementor-element elementor-element-ec981e2\" data-id=\"ec981e2\" data-element_type=\"column\">\n\t\t\t<div class=\"elementor-widget-wrap elementor-element-populated\">\n\t\t\t\t\t\t<div class=\"elementor-element elementor-element-12c3e17 elementor-widget elementor-widget-heading\" data-id=\"12c3e17\" data-element_type=\"widget\" data-settings=\"{&quot;_animation&quot;:&quot;none&quot;,&quot;_animation_delay&quot;:1200}\" data-widget_type=\"heading.default\">\n\t\t\t\t<div class=\"elementor-widget-container\">\n\t\t\t\t\t<h2 class=\"elementor-heading-title elementor-size-default\">Schick uns eine Nachricht!\n\n<\/h2>\t\t\t\t<\/div>\n\t\t\t\t<\/div>\n\t\t\t\t<div class=\"elementor-element elementor-element-7e82ea2 elementor-invisible elementor-widget elementor-widget-heading\" data-id=\"7e82ea2\" data-element_type=\"widget\" data-settings=\"{&quot;_animation&quot;:&quot;fadeIn&quot;,&quot;_animation_delay&quot;:500}\" data-widget_type=\"heading.default\">\n\t\t\t\t<div class=\"elementor-widget-container\">\n\t\t\t\t\t<h2 class=\"elementor-heading-title elementor-size-default\">Wir werden uns schnellstm\u00f6glich mit Ihnen in Verbindung setzen.\n<\/h2>\t\t\t\t<\/div>\n\t\t\t\t<\/div>\n\t\t\t\t\t<\/div>\n\t\t<\/div>\n\t\t\t\t\t<\/div>\n\t\t<\/section>\n\t\t\t\t<section class=\"elementor-section elementor-top-section elementor-element elementor-element-704208e elementor-section-boxed elementor-section-height-default elementor-section-height-default\" data-id=\"704208e\" data-element_type=\"section\" data-settings=\"{&quot;background_background&quot;:&quot;classic&quot;,&quot;animation&quot;:&quot;none&quot;}\">\n\t\t\t\t\t\t<div class=\"elementor-container elementor-column-gap-default\">\n\t\t\t\t\t<div class=\"elementor-column elementor-col-100 elementor-top-column elementor-element elementor-element-7d67a9a elementor-invisible\" data-id=\"7d67a9a\" data-element_type=\"column\" data-settings=\"{&quot;animation&quot;:&quot;fadeInUp&quot;}\">\n\t\t\t<div class=\"elementor-widget-wrap\">\n\t\t\t\t\t\t\t<\/div>\n\t\t<\/div>\n\t\t\t\t\t<\/div>\n\t\t<\/section>\n\t\t\t\t<section class=\"elementor-section elementor-top-section elementor-element elementor-element-fe5e667 elementor-section-height-min-height elementor-section-boxed elementor-section-height-default elementor-section-items-middle\" data-id=\"fe5e667\" data-element_type=\"section\" data-settings=\"{&quot;background_background&quot;:&quot;classic&quot;}\">\n\t\t\t\t\t\t<div class=\"elementor-container elementor-column-gap-default\">\n\t\t\t\t\t<div class=\"elementor-column elementor-col-100 elementor-top-column elementor-element elementor-element-2cf0a13\" data-id=\"2cf0a13\" data-element_type=\"column\">\n\t\t\t<div class=\"elementor-widget-wrap\">\n\t\t\t\t\t\t\t<\/div>\n\t\t<\/div>\n\t\t\t\t\t<\/div>\n\t\t<\/section>\n\t\t\t\t<\/div>\n\t\t","protected":false},"excerpt":{"rendered":"<p>Nehmen Sie unverbindlich Kontakt mit uns auf! Nehmen Sie unverbindlich Kontakt mit uns auf! Wir helfen Ihnen gerne beim Unterhalt Ihres Bootes an der von Ihnen gew\u00fcnschten Lokalit\u00e4t. Sie erhalten ein f\u00fcr Sie angepasstes Angebot um einen optimalen Arbeitsablauf und Erfolg zu erzielen. Region Limburg +31 6 420 795 18 Info@swedomarineservice.nl Nehmen Sie unverbindlich Kontakt [&hellip;]<\/p>\n","protected":false},"author":2,"featured_media":0,"parent":0,"menu_order":0,"comment_status":"closed","ping_status":"closed","template":"","meta":{"footnotes":""},"class_list":["post-12011","page","type-page","status-publish","hentry"],"_links":{"self":[{"href":"https:\/\/swedomarineservice.nl\/de\/index.php\/wp-json\/wp\/v2\/pages\/12011","targetHints":{"allow":["GET"]}}],"collection":[{"href":"https:\/\/swedomarineservice.nl\/de\/index.php\/wp-json\/wp\/v2\/pages"}],"about":[{"href":"https:\/\/swedomarineservice.nl\/de\/index.php\/wp-json\/wp\/v2\/types\/page"}],"author":[{"embeddable":true,"href":"https:\/\/swedomarineservice.nl\/de\/index.php\/wp-json\/wp\/v2\/users\/2"}],"replies":[{"embeddable":true,"href":"https:\/\/swedomarineservice.nl\/de\/index.php\/wp-json\/wp\/v2\/comments?post=12011"}],"version-history":[{"count":6,"href":"https:\/\/swedomarineservice.nl\/de\/index.php\/wp-json\/wp\/v2\/pages\/12011\/revisions"}],"predecessor-version":[{"id":12062,"href":"https:\/\/swedomarineservice.nl\/de\/index.php\/wp-json\/wp\/v2\/pages\/12011\/revisions\/12062"}],"wp:attachment":[{"href":"https:\/\/swedomarineservice.nl\/de\/index.php\/wp-json\/wp\/v2\/media?parent=12011"}],"curies":[{"name":"wp","href":"https:\/\/api.w.org\/{rel}","templated":true}]}}