{"id":11999,"date":"2022-07-07T18:23:35","date_gmt":"2022-07-07T18:23:35","guid":{"rendered":"http:\/\/swedomarineservice.nl\/index.php\/einbau-und-reparaturen-von-zubehoer\/"},"modified":"2022-11-06T16:31:13","modified_gmt":"2022-11-06T16:31:13","slug":"einbau-und-reparaturen-von-zubehoer","status":"publish","type":"page","link":"https:\/\/swedomarineservice.nl\/de\/index.php\/einbau-und-reparaturen-von-zubehoer\/","title":{"rendered":"Einbau und Reparaturen von Zubeh\u00f6r"},"content":{"rendered":"\t\t<div data-elementor-type=\"wp-page\" data-elementor-id=\"11999\" class=\"elementor elementor-11999 elementor-10608\">\n\t\t\t\t\t\t<section class=\"elementor-section elementor-top-section elementor-element elementor-element-bfdba7e elementor-section-full_width elementor-section-height-min-height elementor-section-items-top elementor-section-height-default\" data-id=\"bfdba7e\" data-element_type=\"section\" data-settings=\"{&quot;background_background&quot;:&quot;classic&quot;}\">\n\t\t\t\t\t\t\t<div class=\"elementor-background-overlay\"><\/div>\n\t\t\t\t\t\t\t<div class=\"elementor-container elementor-column-gap-default\">\n\t\t\t\t\t<div class=\"elementor-column elementor-col-50 elementor-top-column elementor-element elementor-element-92ae30e\" data-id=\"92ae30e\" data-element_type=\"column\">\n\t\t\t<div class=\"elementor-widget-wrap elementor-element-populated\">\n\t\t\t\t\t\t<section class=\"elementor-section elementor-inner-section elementor-element elementor-element-c64439b elementor-hidden-desktop elementor-hidden-laptop elementor-hidden-tablet elementor-section-boxed elementor-section-height-default elementor-section-height-default\" data-id=\"c64439b\" data-element_type=\"section\">\n\t\t\t\t\t\t<div class=\"elementor-container elementor-column-gap-default\">\n\t\t\t\t\t<div class=\"elementor-column elementor-col-100 elementor-inner-column elementor-element elementor-element-4192c89\" data-id=\"4192c89\" data-element_type=\"column\">\n\t\t\t<div class=\"elementor-widget-wrap elementor-element-populated\">\n\t\t\t\t\t\t<div class=\"elementor-element elementor-element-2404e6b animated-fast elementor-invisible elementor-widget elementor-widget-hub_fancy_heading\" data-id=\"2404e6b\" data-element_type=\"widget\" data-settings=\"{&quot;_animation&quot;:&quot;fadeInUp&quot;,&quot;_animation_delay&quot;:300}\" data-widget_type=\"hub_fancy_heading.default\">\n\t\t\t\t<div class=\"elementor-widget-container\">\n\t\t\t\t\t\n\t\t<div id=\"ld-fancy-heading-69f34f5513362\" class=\"ld-fancy-heading pos-rel\">\n\t\t\t<h1 class=\"ld-fh-element d-inline-block pos-rel  elementor-heading-title lqd-highlight-custom lqd-highlight-custom-2 h1\"  > Einbau und Reparaturen\nvon Zubeh\u00f6r\n<\/h1>\t\t<\/div>\n\n\t\t\t\t\t\t<\/div>\n\t\t\t\t<\/div>\n\t\t\t\t\t<\/div>\n\t\t<\/div>\n\t\t\t\t\t<\/div>\n\t\t<\/section>\n\t\t\t\t<section class=\"elementor-section elementor-inner-section elementor-element elementor-element-2eabf50 elementor-section-full_width elementor-section-height-min-height elementor-section-height-default\" data-id=\"2eabf50\" data-element_type=\"section\" data-settings=\"{&quot;background_background&quot;:&quot;classic&quot;}\">\n\t\t\t\t\t\t<div class=\"elementor-container elementor-column-gap-default\">\n\t\t\t\t\t<div class=\"elementor-column elementor-col-100 elementor-inner-column elementor-element elementor-element-2bd826b\" data-id=\"2bd826b\" data-element_type=\"column\">\n\t\t\t<div class=\"elementor-widget-wrap\">\n\t\t\t\t\t\t\t<\/div>\n\t\t<\/div>\n\t\t\t\t\t<\/div>\n\t\t<\/section>\n\t\t\t\t\t<\/div>\n\t\t<\/div>\n\t\t\t\t<div class=\"elementor-column elementor-col-50 elementor-top-column elementor-element elementor-element-653f7df\" data-id=\"653f7df\" data-element_type=\"column\" data-settings=\"{&quot;animation&quot;:&quot;none&quot;}\">\n\t\t\t<div class=\"elementor-widget-wrap elementor-element-populated\">\n\t\t\t\t\t\t<div class=\"elementor-element elementor-element-97c5095 animated-fast elementor-hidden-mobile elementor-invisible elementor-widget elementor-widget-hub_fancy_heading\" data-id=\"97c5095\" data-element_type=\"widget\" data-settings=\"{&quot;_animation&quot;:&quot;fadeInUp&quot;,&quot;_animation_delay&quot;:300}\" data-widget_type=\"hub_fancy_heading.default\">\n\t\t\t\t<div class=\"elementor-widget-container\">\n\t\t\t\t\t\n\t\t<div id=\"ld-fancy-heading-69f34f55136d0\" class=\"ld-fancy-heading pos-rel\">\n\t\t\t<h1 class=\"ld-fh-element d-inline-block pos-rel  elementor-heading-title lqd-highlight-custom lqd-highlight-custom-2 h1\"  > Einbau und Reparaturen<br>\nvon Zubeh\u00f6r\n<\/h1>\t\t<\/div>\n\n\t\t\t\t\t\t<\/div>\n\t\t\t\t<\/div>\n\t\t\t\t<div class=\"elementor-element elementor-element-6144785 elementor-invisible elementor-widget elementor-widget-text-editor\" data-id=\"6144785\" data-element_type=\"widget\" data-settings=\"{&quot;_animation&quot;:&quot;fadeIn&quot;,&quot;_animation_delay&quot;:700}\" data-widget_type=\"text-editor.default\">\n\t\t\t\t<div class=\"elementor-widget-container\">\n\t\t\t\t\t\t\t\t\t<p>Haben Sie den Wunsch nach mehr Komfort an Bord oder funktionieren die aktuellen Systeme nicht mehr so wie gew\u00fcnscht?<\/p><p>Dies ist eine Aufstellung der Arbeiten die wir gerne f\u00fcr Sie Verrichten:<\/p>\n<p>&#8211; Einbau von Bugschrauben<br>&#8211; Audio-Systeme einbauen<br>&#8211; Navigationsbeleuchtung installieren<br>&#8211; Arbeiten an der Bordelektrik<br>&#8211; Zus\u00e4tzliche Akkus einbauen evtl. mit Scheidungsdiode<br>&#8211; Trink- und Schmutzwassersysteme installieren<\/p>\n<p>Haben Sie andere Arbeiten die erledigt werden sollen,<br>hier aber nicht aufgef\u00fchrt sind dann nehmen Sie Kontakt mit uns auf.<br>Wir werden gemeinsam nach einer L\u00f6sung suchen.<\/p>\t\t\t\t\t\t\t\t<\/div>\n\t\t\t\t<\/div>\n\t\t\t\t<div class=\"elementor-element elementor-element-e73625c elementor-align-left elementor-mobile-align-center elementor-invisible elementor-widget elementor-widget-ld_button\" data-id=\"e73625c\" data-element_type=\"widget\" data-settings=\"{&quot;_animation&quot;:&quot;fadeInUp&quot;,&quot;_animation_delay&quot;:800}\" data-widget_type=\"ld_button.default\">\n\t\t\t\t<div class=\"elementor-widget-container\">\n\t\t\t\t\t\n\t\t\t<a\n\t\t\t\thref=\"http:\/\/swedomarineservice.nl\/de\/index.php\/kontakt\/\"class=\"elementor-button btn btn-solid btn-hover-txt-liquid-x btn-lg btn-icon-shaped btn-has-label\"\t\t\t>\n\t\t\t\t\t\t\t\t\t<span data-text=\"Kontaktieren Sie uns!\" class=\"btn-txt\" data-transition-delay=\"true\" data-delay-options=\"{&quot;elements&quot;: &quot;.lqd-chars&quot;, &quot;delayType&quot;: &quot;animation&quot;, &quot;startDelay&quot;: 0, &quot;delayBetween&quot;: 32.5}\" data-split-text=\"true\" data-split-options=\"{&quot;type&quot;: &quot;chars, words&quot;}\">\n\t\t\t\t\t\tKontaktieren Sie uns!\t\t\t\t\t<\/span>\n\t\t\t\t\t\t\t\t\t\t\t<\/a>\n\t\t\t\t\t\t\t<\/div>\n\t\t\t\t<\/div>\n\t\t\t\t\t<\/div>\n\t\t<\/div>\n\t\t\t\t\t<\/div>\n\t\t<\/section>\n\t\t\t\t<section class=\"elementor-section elementor-top-section elementor-element elementor-element-26ce806 elementor-reverse-mobile elementor-section-boxed elementor-section-height-default elementor-section-height-default\" data-id=\"26ce806\" data-element_type=\"section\" data-settings=\"{&quot;background_background&quot;:&quot;classic&quot;}\">\n\t\t\t\t\t\t\t<div class=\"elementor-background-overlay\"><\/div>\n\t\t\t\t\t\t\t<div class=\"elementor-container elementor-column-gap-default\">\n\t\t\t\t\t<div class=\"elementor-column elementor-col-50 elementor-top-column elementor-element elementor-element-1b8bd5c\" data-id=\"1b8bd5c\" data-element_type=\"column\">\n\t\t\t<div class=\"elementor-widget-wrap elementor-element-populated\">\n\t\t\t\t\t\t<section class=\"elementor-section elementor-inner-section elementor-element elementor-element-28af784 elementor-section-full_width elementor-section-height-default elementor-section-height-default\" data-id=\"28af784\" data-element_type=\"section\" data-settings=\"{&quot;background_background&quot;:&quot;classic&quot;}\">\n\t\t\t\t\t\t<div class=\"elementor-container elementor-column-gap-default\">\n\t\t\t\t\t<div class=\"elementor-column elementor-col-100 elementor-inner-column elementor-element elementor-element-b95e2ff\" data-id=\"b95e2ff\" data-element_type=\"column\">\n\t\t\t<div class=\"elementor-widget-wrap elementor-element-populated\">\n\t\t\t\t\t\t<div class=\"elementor-element elementor-element-5b70876 elementor-widget elementor-widget-heading\" data-id=\"5b70876\" data-element_type=\"widget\" data-settings=\"{&quot;_animation&quot;:&quot;none&quot;,&quot;_animation_delay&quot;:1200}\" data-widget_type=\"heading.default\">\n\t\t\t\t<div class=\"elementor-widget-container\">\n\t\t\t\t\t<h2 class=\"elementor-heading-title elementor-size-default\">Der Arbeitsplan<\/h2>\t\t\t\t<\/div>\n\t\t\t\t<\/div>\n\t\t\t\t<div class=\"elementor-element elementor-element-9e96b3e elementor-invisible elementor-widget elementor-widget-heading\" data-id=\"9e96b3e\" data-element_type=\"widget\" data-settings=\"{&quot;_animation&quot;:&quot;fadeIn&quot;,&quot;_animation_delay&quot;:500}\" data-widget_type=\"heading.default\">\n\t\t\t\t<div class=\"elementor-widget-container\">\n\t\t\t\t\t<h2 class=\"elementor-heading-title elementor-size-default\">Eine richtige Diagnose und Absprache vor Beginn ist wichtig um zu\nbestimmen ob der\nWunsch des Kunden realisierbar ist. Gemeinsam\nbetrachten wir die gew\u00fcnschten Aktivit\u00e4ten. Ab hier\nist es dann wichtig,\ndass beide Parteien gemeinsam hinter<br><br>\n\nden abgesprochenen Vereinbarungen\nstehen um ein bestm\u00f6gliches\nResultat zu erreichen. \n<\/h2>\t\t\t\t<\/div>\n\t\t\t\t<\/div>\n\t\t\t\t\t<\/div>\n\t\t<\/div>\n\t\t\t\t\t<\/div>\n\t\t<\/section>\n\t\t\t\t\t<\/div>\n\t\t<\/div>\n\t\t\t\t<div class=\"elementor-column elementor-col-50 elementor-top-column elementor-element elementor-element-124d2c6\" data-id=\"124d2c6\" data-element_type=\"column\">\n\t\t\t<div class=\"elementor-widget-wrap elementor-element-populated\">\n\t\t\t\t\t\t<div class=\"elementor-element elementor-element-60f428d elementor-widget elementor-widget-ld_fancy_image\" data-id=\"60f428d\" data-element_type=\"widget\" data-widget_type=\"ld_fancy_image.default\">\n\t\t\t\t<div class=\"elementor-widget-container\">\n\t\t\t\t\t\n\t\t<div class=\"lqd-imggrp-single d-block pos-rel \">\n\t\t\t<div class=\"lqd-imggrp-img-container d-inline-flex pos-rel align-items-center justify-content-center \">\n\t\t\t\t\t\t\t\t<figure class=\"w-100 pos-rel\">\n\t\t\t\t\t<img fetchpriority=\"high\" decoding=\"async\" width=\"3068\" height=\"3707\" src=\"https:\/\/swedomarineservice.nl\/wp-content\/uploads\/2022\/07\/Swedo-sorteer-233-e1657868136463.jpg\" class=\"attachment-full size-full wp-image-10830\" alt=\"\" srcset=\"https:\/\/swedomarineservice.nl\/wp-content\/uploads\/2022\/07\/Swedo-sorteer-233-e1657868136463.jpg 3068w, https:\/\/swedomarineservice.nl\/wp-content\/uploads\/2022\/07\/Swedo-sorteer-233-e1657868136463-248x300.jpg 248w, https:\/\/swedomarineservice.nl\/wp-content\/uploads\/2022\/07\/Swedo-sorteer-233-e1657868136463-847x1024.jpg 847w, https:\/\/swedomarineservice.nl\/wp-content\/uploads\/2022\/07\/Swedo-sorteer-233-e1657868136463-1271x1536.jpg 1271w, https:\/\/swedomarineservice.nl\/wp-content\/uploads\/2022\/07\/Swedo-sorteer-233-e1657868136463-1695x2048.jpg 1695w, https:\/\/swedomarineservice.nl\/wp-content\/uploads\/2022\/07\/Swedo-sorteer-233-e1657868136463-768x928.jpg 768w\" sizes=\"(max-width: 3068px) 100vw, 3068px\" itemprop=\"image\" \/>\t\t\t\t\t\t\t\t\t\t\t\t\t\t\t\t\t\t\t\t\t\t\t\t\t\t\t\t\t<\/figure>\n\t\t\t<\/div>\n\t\t<\/div>\n\n\t\t\t\t\t<\/div>\n\t\t\t\t<\/div>\n\t\t\t\t\t<\/div>\n\t\t<\/div>\n\t\t\t\t\t<\/div>\n\t\t<\/section>\n\t\t\t\t<section class=\"elementor-section elementor-top-section elementor-element elementor-element-dd93d45 elementor-section-boxed elementor-section-height-default elementor-section-height-default\" data-id=\"dd93d45\" data-element_type=\"section\" data-settings=\"{&quot;background_background&quot;:&quot;classic&quot;}\">\n\t\t\t\t\t\t<div class=\"elementor-container elementor-column-gap-default\">\n\t\t\t\t\t<div class=\"elementor-column elementor-col-100 elementor-top-column elementor-element elementor-element-8ec1ab1 elementor-invisible\" data-id=\"8ec1ab1\" data-element_type=\"column\" data-settings=\"{&quot;animation&quot;:&quot;fadeInUp&quot;}\">\n\t\t\t<div class=\"elementor-widget-wrap elementor-element-populated\">\n\t\t\t\t\t\t<div class=\"elementor-element elementor-element-e9b9890 elementor-widget elementor-widget-heading\" data-id=\"e9b9890\" data-element_type=\"widget\" data-settings=\"{&quot;_animation&quot;:&quot;none&quot;,&quot;_animation_delay&quot;:1200}\" data-widget_type=\"heading.default\">\n\t\t\t\t<div class=\"elementor-widget-container\">\n\t\t\t\t\t<h2 class=\"elementor-heading-title elementor-size-default\"><b>Nehmen Sie unverbindlich Kontakt auf<\/b><br>\nund wir k\u00f6nnen gemeinsam die M\u00f6glichkeiten<br>\nbesprechen.\n<\/h2>\t\t\t\t<\/div>\n\t\t\t\t<\/div>\n\t\t\t\t<div class=\"elementor-element elementor-element-b5e85a8 elementor-align-center elementor-widget elementor-widget-ld_button\" data-id=\"b5e85a8\" data-element_type=\"widget\" data-widget_type=\"ld_button.default\">\n\t\t\t\t<div class=\"elementor-widget-container\">\n\t\t\t\t\t\n\t\t\t<a\n\t\t\t\thref=\"http:\/\/swedomarineservice.nl\/de\/index.php\/kontakt\/\"class=\"elementor-button btn btn-solid btn-hover-txt-liquid-x btn-lg btn-icon-shaped btn-has-label\"\t\t\t>\n\t\t\t\t\t\t\t\t\t<span data-text=\"Kontakt\" class=\"btn-txt\" data-transition-delay=\"true\" data-delay-options=\"{&quot;elements&quot;: &quot;.lqd-chars&quot;, &quot;delayType&quot;: &quot;animation&quot;, &quot;startDelay&quot;: 0, &quot;delayBetween&quot;: 32.5}\" data-split-text=\"true\" data-split-options=\"{&quot;type&quot;: &quot;chars, words&quot;}\">\n\t\t\t\t\t\tKontakt\t\t\t\t\t<\/span>\n\t\t\t\t\t\t\t\t\t\t\t<\/a>\n\t\t\t\t\t\t\t<\/div>\n\t\t\t\t<\/div>\n\t\t\t\t\t<\/div>\n\t\t<\/div>\n\t\t\t\t\t<\/div>\n\t\t<\/section>\n\t\t\t\t<section class=\"elementor-section elementor-top-section elementor-element elementor-element-bfb99af elementor-section-boxed elementor-section-height-default elementor-section-height-default\" data-id=\"bfb99af\" data-element_type=\"section\">\n\t\t\t\t\t\t<div class=\"elementor-container elementor-column-gap-default\">\n\t\t\t\t\t<div class=\"elementor-column elementor-col-100 elementor-top-column elementor-element elementor-element-68ab1da\" data-id=\"68ab1da\" data-element_type=\"column\">\n\t\t\t<div class=\"elementor-widget-wrap elementor-element-populated\">\n\t\t\t\t\t\t<div class=\"elementor-element elementor-element-1cacbcc elementor-widget elementor-widget-heading\" data-id=\"1cacbcc\" data-element_type=\"widget\" data-settings=\"{&quot;_animation&quot;:&quot;none&quot;,&quot;_animation_delay&quot;:1200}\" data-widget_type=\"heading.default\">\n\t\t\t\t<div class=\"elementor-widget-container\">\n\t\t\t\t\t<h2 class=\"elementor-heading-title elementor-size-default\">Schauen Sie sich auch die angebotenen Dienste an\n<\/h2>\t\t\t\t<\/div>\n\t\t\t\t<\/div>\n\t\t\t\t\t<\/div>\n\t\t<\/div>\n\t\t\t\t\t<\/div>\n\t\t<\/section>\n\t\t\t\t<section class=\"elementor-section elementor-top-section elementor-element elementor-element-a707281 elementor-section-boxed elementor-section-height-default elementor-section-height-default\" data-id=\"a707281\" data-element_type=\"section\" data-settings=\"{&quot;background_background&quot;:&quot;classic&quot;}\">\n\t\t\t\t\t\t\t<div class=\"elementor-background-overlay\"><\/div>\n\t\t\t\t\t\t\t<div class=\"elementor-container elementor-column-gap-default\">\n\t\t\t\t\t<div class=\"make-column-clickable-elementor elementor-column elementor-col-50 elementor-top-column elementor-element elementor-element-7acffa7\" style=\"cursor: pointer;\" data-column-clickable=\"http:\/\/swedomarineservice.nl\/de\/index.php\/reparatur-und-wartung-von-innenbordmotoren\/\" data-column-clickable-blank=\"_self\" data-id=\"7acffa7\" data-element_type=\"column\">\n\t\t\t<div class=\"elementor-widget-wrap elementor-element-populated\">\n\t\t\t\t\t\t<section data-lqd-custom-cursor=\"true\" class=\"elementor-section elementor-inner-section elementor-element elementor-element-ca9e03d elementor-section-full_width elementor-section-height-min-height elementor-section-height-default elementor-invisible\" data-id=\"ca9e03d\" data-element_type=\"section\" data-settings=\"{&quot;background_background&quot;:&quot;classic&quot;,&quot;animation&quot;:&quot;fadeIn&quot;,&quot;animation_delay&quot;:700}\">\n\t\t\t\t\t\t\t<div class=\"elementor-background-overlay\"><\/div>\n\t\t\t\t\t\t\t<div class=\"elementor-container elementor-column-gap-no\">\n\t\t\t\t\t<div class=\"elementor-column elementor-col-100 elementor-inner-column elementor-element elementor-element-89f3f5c\" data-id=\"89f3f5c\" data-element_type=\"column\">\n\t\t\t<div class=\"elementor-widget-wrap elementor-element-populated\">\n\t\t\t\t\t\t<div class=\"elementor-element elementor-element-e7d9576 elementor-widget elementor-widget-heading\" data-id=\"e7d9576\" data-element_type=\"widget\" data-settings=\"{&quot;_animation&quot;:&quot;none&quot;,&quot;_animation_delay&quot;:1200}\" data-widget_type=\"heading.default\">\n\t\t\t\t<div class=\"elementor-widget-container\">\n\t\t\t\t\t<h2 class=\"elementor-heading-title elementor-size-default\">Reparatur und Wartung von<br>\ninnenbordmotor<\/h2>\t\t\t\t<\/div>\n\t\t\t\t<\/div>\n\t\t\t\t\t<\/div>\n\t\t<\/div>\n\t\t\t\t\t<\/div>\n\t\t<\/section>\n\t\t\t\t\t<\/div>\n\t\t<\/div>\n\t\t\t\t<div class=\"make-column-clickable-elementor elementor-column elementor-col-50 elementor-top-column elementor-element elementor-element-c06417d\" style=\"cursor: pointer;\" data-column-clickable=\"http:\/\/swedomarineservice.nl\/de\/index.php\/polieren-reinigen\/\" data-column-clickable-blank=\"_self\" data-id=\"c06417d\" data-element_type=\"column\" data-settings=\"{&quot;animation&quot;:&quot;none&quot;,&quot;animation_delay&quot;:500}\">\n\t\t\t<div class=\"elementor-widget-wrap elementor-element-populated\">\n\t\t\t\t\t\t<section data-lqd-custom-cursor=\"true\" class=\"elementor-section elementor-inner-section elementor-element elementor-element-a97a646 elementor-section-full_width elementor-section-height-min-height elementor-section-height-default elementor-invisible\" data-id=\"a97a646\" data-element_type=\"section\" data-settings=\"{&quot;background_background&quot;:&quot;classic&quot;,&quot;animation&quot;:&quot;fadeIn&quot;,&quot;animation_delay&quot;:700}\">\n\t\t\t\t\t\t\t<div class=\"elementor-background-overlay\"><\/div>\n\t\t\t\t\t\t\t<div class=\"elementor-container elementor-column-gap-no\">\n\t\t\t\t\t<div class=\"elementor-column elementor-col-100 elementor-inner-column elementor-element elementor-element-877cc79\" data-id=\"877cc79\" data-element_type=\"column\">\n\t\t\t<div class=\"elementor-widget-wrap elementor-element-populated\">\n\t\t\t\t\t\t<div class=\"elementor-element elementor-element-a2efe65 elementor-widget elementor-widget-heading\" data-id=\"a2efe65\" data-element_type=\"widget\" data-settings=\"{&quot;_animation&quot;:&quot;none&quot;,&quot;_animation_delay&quot;:1200}\" data-widget_type=\"heading.default\">\n\t\t\t\t<div class=\"elementor-widget-container\">\n\t\t\t\t\t<h2 class=\"elementor-heading-title elementor-size-default\">Polieren &amp; Reinigen\n\n<\/h2>\t\t\t\t<\/div>\n\t\t\t\t<\/div>\n\t\t\t\t\t<\/div>\n\t\t<\/div>\n\t\t\t\t\t<\/div>\n\t\t<\/section>\n\t\t\t\t\t<\/div>\n\t\t<\/div>\n\t\t\t\t\t<\/div>\n\t\t<\/section>\n\t\t\t\t<\/div>\n\t\t","protected":false},"excerpt":{"rendered":"<p>Einbau und Reparaturen von Zubeh\u00f6r Einbau und Reparaturen von Zubeh\u00f6r Haben Sie den Wunsch nach mehr Komfort an Bord oder funktionieren die aktuellen Systeme nicht mehr so wie gew\u00fcnscht? Dies ist eine Aufstellung der Arbeiten die wir gerne f\u00fcr Sie Verrichten: &#8211; Einbau von Bugschrauben&#8211; Audio-Systeme einbauen&#8211; Navigationsbeleuchtung installieren&#8211; Arbeiten an der Bordelektrik&#8211; Zus\u00e4tzliche Akkus [&hellip;]<\/p>\n","protected":false},"author":2,"featured_media":0,"parent":0,"menu_order":0,"comment_status":"closed","ping_status":"closed","template":"","meta":{"footnotes":""},"class_list":["post-11999","page","type-page","status-publish","hentry"],"_links":{"self":[{"href":"https:\/\/swedomarineservice.nl\/de\/index.php\/wp-json\/wp\/v2\/pages\/11999","targetHints":{"allow":["GET"]}}],"collection":[{"href":"https:\/\/swedomarineservice.nl\/de\/index.php\/wp-json\/wp\/v2\/pages"}],"about":[{"href":"https:\/\/swedomarineservice.nl\/de\/index.php\/wp-json\/wp\/v2\/types\/page"}],"author":[{"embeddable":true,"href":"https:\/\/swedomarineservice.nl\/de\/index.php\/wp-json\/wp\/v2\/users\/2"}],"replies":[{"embeddable":true,"href":"https:\/\/swedomarineservice.nl\/de\/index.php\/wp-json\/wp\/v2\/comments?post=11999"}],"version-history":[{"count":12,"href":"https:\/\/swedomarineservice.nl\/de\/index.php\/wp-json\/wp\/v2\/pages\/11999\/revisions"}],"predecessor-version":[{"id":12075,"href":"https:\/\/swedomarineservice.nl\/de\/index.php\/wp-json\/wp\/v2\/pages\/11999\/revisions\/12075"}],"wp:attachment":[{"href":"https:\/\/swedomarineservice.nl\/de\/index.php\/wp-json\/wp\/v2\/media?parent=11999"}],"curies":[{"name":"wp","href":"https:\/\/api.w.org\/{rel}","templated":true}]}}